{"id":872,"date":"2024-08-10T10:53:51","date_gmt":"2024-08-10T13:53:51","guid":{"rendered":"https:\/\/festivalfotobsb.com.br\/2024\/?page_id=872"},"modified":"2024-08-14T11:43:04","modified_gmt":"2024-08-14T14:43:04","slug":"exposicao-bem-querer-o-olhar-terno-de-ripper","status":"publish","type":"page","link":"https:\/\/festivalfotobsb.com.br\/2024\/exposicao-bem-querer-o-olhar-terno-de-ripper\/","title":{"rendered":"EXPOSI\u00c7\u00c3O BEM QUERER: O OLHAR TERNO DE RIPPER"},"content":{"rendered":"\t\t<div data-elementor-type=\"wp-page\" data-elementor-id=\"872\" class=\"elementor elementor-872\" data-elementor-settings=\"{&quot;ha_cmc_init_switcher&quot;:&quot;no&quot;}\" data-elementor-post-type=\"page\">\n\t\t\t\t<div class=\"elementor-element elementor-element-07fc80c e-flex e-con-boxed e-con e-parent\" data-id=\"07fc80c\" data-element_type=\"container\" data-e-type=\"container\" data-settings=\"{&quot;background_background&quot;:&quot;classic&quot;,&quot;_ha_eqh_enable&quot;:false}\">\n\t\t\t\t\t<div class=\"e-con-inner\">\n\t\t\t\t<div class=\"elementor-element elementor-element-f47e8b3 elementor-widget elementor-widget-image\" data-id=\"f47e8b3\" data-element_type=\"widget\" data-e-type=\"widget\" data-widget_type=\"image.default\">\n\t\t\t\t<div class=\"elementor-widget-container\">\n\t\t\t\t\t\t\t\t\t\t\t\t\t\t\t<img fetchpriority=\"high\" decoding=\"async\" width=\"800\" height=\"352\" src=\"https:\/\/festivalfotobsb.com.br\/2024\/wp-content\/uploads\/2024\/08\/CAPA_SITE_02-1024x450.webp\" class=\"attachment-large size-large wp-image-1207\" alt=\"\" srcset=\"https:\/\/festivalfotobsb.com.br\/2024\/wp-content\/uploads\/2024\/08\/CAPA_SITE_02-1024x450.webp 1024w, https:\/\/festivalfotobsb.com.br\/2024\/wp-content\/uploads\/2024\/08\/CAPA_SITE_02-300x132.webp 300w, https:\/\/festivalfotobsb.com.br\/2024\/wp-content\/uploads\/2024\/08\/CAPA_SITE_02-768x337.webp 768w, https:\/\/festivalfotobsb.com.br\/2024\/wp-content\/uploads\/2024\/08\/CAPA_SITE_02-1536x674.webp 1536w, https:\/\/festivalfotobsb.com.br\/2024\/wp-content\/uploads\/2024\/08\/CAPA_SITE_02.webp 1708w\" sizes=\"(max-width: 800px) 100vw, 800px\" \/>\t\t\t\t\t\t\t\t\t\t\t\t\t\t\t<\/div>\n\t\t\t\t<\/div>\n\t\t\t\t\t<\/div>\n\t\t\t\t<\/div>\n\t\t\t\t<section class=\"elementor-section elementor-top-section elementor-element elementor-element-7ec64d7 elementor-section-boxed elementor-section-height-default elementor-section-height-default\" data-id=\"7ec64d7\" data-element_type=\"section\" data-e-type=\"section\" data-settings=\"{&quot;background_background&quot;:&quot;classic&quot;,&quot;_ha_eqh_enable&quot;:false}\">\n\t\t\t\t\t\t<div class=\"elementor-container elementor-column-gap-default\">\n\t\t\t\t\t<div class=\"elementor-column elementor-col-50 elementor-top-column elementor-element elementor-element-d0c2f87\" data-id=\"d0c2f87\" data-element_type=\"column\" data-e-type=\"column\">\n\t\t\t<div class=\"elementor-widget-wrap elementor-element-populated\">\n\t\t\t\t\t\t<div class=\"elementor-element elementor-element-efb60b1 elementor-widget elementor-widget-heading\" data-id=\"efb60b1\" data-element_type=\"widget\" data-e-type=\"widget\" data-widget_type=\"heading.default\">\n\t\t\t\t<div class=\"elementor-widget-container\">\n\t\t\t\t\t<h3 class=\"elementor-heading-title elementor-size-default\">Acompanhe a programa\u00e7\u00e3o pelas redes sociais<\/h3>\t\t\t\t<\/div>\n\t\t\t\t<\/div>\n\t\t\t\t\t<\/div>\n\t\t<\/div>\n\t\t\t\t<div class=\"elementor-column elementor-col-50 elementor-top-column elementor-element elementor-element-a6dafbc\" data-id=\"a6dafbc\" data-element_type=\"column\" data-e-type=\"column\">\n\t\t\t<div class=\"elementor-widget-wrap elementor-element-populated\">\n\t\t\t\t\t\t<div class=\"elementor-element elementor-element-23626ac e-grid-align-left e-grid-align-mobile-center elementor-shape-rounded elementor-grid-0 elementor-widget elementor-widget-social-icons\" data-id=\"23626ac\" data-element_type=\"widget\" data-e-type=\"widget\" data-widget_type=\"social-icons.default\">\n\t\t\t\t<div class=\"elementor-widget-container\">\n\t\t\t\t\t\t\t<div class=\"elementor-social-icons-wrapper elementor-grid\" role=\"list\">\n\t\t\t\t\t\t\t<span class=\"elementor-grid-item\" role=\"listitem\">\n\t\t\t\t\t<a class=\"elementor-icon elementor-social-icon elementor-social-icon-instagram elementor-repeater-item-4c77919\" href=\"https:\/\/www.instagram.com\/festivalfotobsb\/\" target=\"_blank\">\n\t\t\t\t\t\t<span class=\"elementor-screen-only\">Instagram<\/span>\n\t\t\t\t\t\t<svg aria-hidden=\"true\" class=\"e-font-icon-svg e-fab-instagram\" viewBox=\"0 0 448 512\" xmlns=\"http:\/\/www.w3.org\/2000\/svg\"><path d=\"M224.1 141c-63.6 0-114.9 51.3-114.9 114.9s51.3 114.9 114.9 114.9S339 319.5 339 255.9 287.7 141 224.1 141zm0 189.6c-41.1 0-74.7-33.5-74.7-74.7s33.5-74.7 74.7-74.7 74.7 33.5 74.7 74.7-33.6 74.7-74.7 74.7zm146.4-194.3c0 14.9-12 26.8-26.8 26.8-14.9 0-26.8-12-26.8-26.8s12-26.8 26.8-26.8 26.8 12 26.8 26.8zm76.1 27.2c-1.7-35.9-9.9-67.7-36.2-93.9-26.2-26.2-58-34.4-93.9-36.2-37-2.1-147.9-2.1-184.9 0-35.8 1.7-67.6 9.9-93.9 36.1s-34.4 58-36.2 93.9c-2.1 37-2.1 147.9 0 184.9 1.7 35.9 9.9 67.7 36.2 93.9s58 34.4 93.9 36.2c37 2.1 147.9 2.1 184.9 0 35.9-1.7 67.7-9.9 93.9-36.2 26.2-26.2 34.4-58 36.2-93.9 2.1-37 2.1-147.8 0-184.8zM398.8 388c-7.8 19.6-22.9 34.7-42.6 42.6-29.5 11.7-99.5 9-132.1 9s-102.7 2.6-132.1-9c-19.6-7.8-34.7-22.9-42.6-42.6-11.7-29.5-9-99.5-9-132.1s-2.6-102.7 9-132.1c7.8-19.6 22.9-34.7 42.6-42.6 29.5-11.7 99.5-9 132.1-9s102.7-2.6 132.1 9c19.6 7.8 34.7 22.9 42.6 42.6 11.7 29.5 9 99.5 9 132.1s2.7 102.7-9 132.1z\"><\/path><\/svg>\t\t\t\t\t<\/a>\n\t\t\t\t<\/span>\n\t\t\t\t\t\t\t<span class=\"elementor-grid-item\" role=\"listitem\">\n\t\t\t\t\t<a class=\"elementor-icon elementor-social-icon elementor-social-icon-facebook-f elementor-repeater-item-993ef04\" href=\"https:\/\/www.facebook.com\/festivalfotobsb\/\" target=\"_blank\">\n\t\t\t\t\t\t<span class=\"elementor-screen-only\">Facebook-f<\/span>\n\t\t\t\t\t\t<svg aria-hidden=\"true\" class=\"e-font-icon-svg e-fab-facebook-f\" viewBox=\"0 0 320 512\" xmlns=\"http:\/\/www.w3.org\/2000\/svg\"><path d=\"M279.14 288l14.22-92.66h-88.91v-60.13c0-25.35 12.42-50.06 52.24-50.06h40.42V6.26S260.43 0 225.36 0c-73.22 0-121.08 44.38-121.08 124.72v70.62H22.89V288h81.39v224h100.17V288z\"><\/path><\/svg>\t\t\t\t\t<\/a>\n\t\t\t\t<\/span>\n\t\t\t\t\t\t\t<span class=\"elementor-grid-item\" role=\"listitem\">\n\t\t\t\t\t<a class=\"elementor-icon elementor-social-icon elementor-social-icon-twitter elementor-repeater-item-a229ff5\" href=\"https:\/\/twitter.com\/foto_bsb\" target=\"_blank\">\n\t\t\t\t\t\t<span class=\"elementor-screen-only\">Twitter<\/span>\n\t\t\t\t\t\t<svg aria-hidden=\"true\" class=\"e-font-icon-svg e-fab-twitter\" viewBox=\"0 0 512 512\" xmlns=\"http:\/\/www.w3.org\/2000\/svg\"><path d=\"M459.37 151.716c.325 4.548.325 9.097.325 13.645 0 138.72-105.583 298.558-298.558 298.558-59.452 0-114.68-17.219-161.137-47.106 8.447.974 16.568 1.299 25.34 1.299 49.055 0 94.213-16.568 130.274-44.832-46.132-.975-84.792-31.188-98.112-72.772 6.498.974 12.995 1.624 19.818 1.624 9.421 0 18.843-1.3 27.614-3.573-48.081-9.747-84.143-51.98-84.143-102.985v-1.299c13.969 7.797 30.214 12.67 47.431 13.319-28.264-18.843-46.781-51.005-46.781-87.391 0-19.492 5.197-37.36 14.294-52.954 51.655 63.675 129.3 105.258 216.365 109.807-1.624-7.797-2.599-15.918-2.599-24.04 0-57.828 46.782-104.934 104.934-104.934 30.213 0 57.502 12.67 76.67 33.137 23.715-4.548 46.456-13.32 66.599-25.34-7.798 24.366-24.366 44.833-46.132 57.827 21.117-2.273 41.584-8.122 60.426-16.243-14.292 20.791-32.161 39.308-52.628 54.253z\"><\/path><\/svg>\t\t\t\t\t<\/a>\n\t\t\t\t<\/span>\n\t\t\t\t\t\t\t<span class=\"elementor-grid-item\" role=\"listitem\">\n\t\t\t\t\t<a class=\"elementor-icon elementor-social-icon elementor-social-icon-youtube elementor-repeater-item-a12bb12\" href=\"https:\/\/www.youtube.com\/channel\/UCa-UW58lfkxq3uQAuE9d8Kg\" target=\"_blank\">\n\t\t\t\t\t\t<span class=\"elementor-screen-only\">Youtube<\/span>\n\t\t\t\t\t\t<svg aria-hidden=\"true\" class=\"e-font-icon-svg e-fab-youtube\" viewBox=\"0 0 576 512\" xmlns=\"http:\/\/www.w3.org\/2000\/svg\"><path d=\"M549.655 124.083c-6.281-23.65-24.787-42.276-48.284-48.597C458.781 64 288 64 288 64S117.22 64 74.629 75.486c-23.497 6.322-42.003 24.947-48.284 48.597-11.412 42.867-11.412 132.305-11.412 132.305s0 89.438 11.412 132.305c6.281 23.65 24.787 41.5 48.284 47.821C117.22 448 288 448 288 448s170.78 0 213.371-11.486c23.497-6.321 42.003-24.171 48.284-47.821 11.412-42.867 11.412-132.305 11.412-132.305s0-89.438-11.412-132.305zm-317.51 213.508V175.185l142.739 81.205-142.739 81.201z\"><\/path><\/svg>\t\t\t\t\t<\/a>\n\t\t\t\t<\/span>\n\t\t\t\t\t<\/div>\n\t\t\t\t\t\t<\/div>\n\t\t\t\t<\/div>\n\t\t\t\t\t<\/div>\n\t\t<\/div>\n\t\t\t\t\t<\/div>\n\t\t<\/section>\n\t\t<div class=\"elementor-element elementor-element-aa98460 e-flex e-con-boxed e-con e-parent\" data-id=\"aa98460\" data-element_type=\"container\" data-e-type=\"container\" data-settings=\"{&quot;_ha_eqh_enable&quot;:false}\">\n\t\t\t\t\t<div class=\"e-con-inner\">\n\t\t\t\t\t<\/div>\n\t\t\t\t<\/div>\n\t\t\t\t<section class=\"elementor-section elementor-top-section elementor-element elementor-element-48b36ee elementor-section-boxed elementor-section-height-default elementor-section-height-default\" data-id=\"48b36ee\" data-element_type=\"section\" data-e-type=\"section\" data-settings=\"{&quot;_ha_eqh_enable&quot;:false}\">\n\t\t\t\t\t\t<div class=\"elementor-container elementor-column-gap-default\">\n\t\t\t\t\t<div class=\"elementor-column elementor-col-100 elementor-top-column elementor-element elementor-element-aad71a8\" data-id=\"aad71a8\" data-element_type=\"column\" data-e-type=\"column\">\n\t\t\t<div class=\"elementor-widget-wrap elementor-element-populated\">\n\t\t\t\t\t\t<div class=\"elementor-element elementor-element-d356412 elementor-widget elementor-widget-heading\" data-id=\"d356412\" data-element_type=\"widget\" data-e-type=\"widget\" data-widget_type=\"heading.default\">\n\t\t\t\t<div class=\"elementor-widget-container\">\n\t\t\t\t\t<h3 class=\"elementor-heading-title elementor-size-default\">EXPOSI\u00c7\u00c3O BEM QUERER: O OLHAR TERNO DE RIPPER<\/h3>\t\t\t\t<\/div>\n\t\t\t\t<\/div>\n\t\t\t\t\t<\/div>\n\t\t<\/div>\n\t\t\t\t\t<\/div>\n\t\t<\/section>\n\t\t\t\t<section class=\"elementor-section elementor-top-section elementor-element elementor-element-17d36c6 elementor-section-boxed elementor-section-height-default elementor-section-height-default\" data-id=\"17d36c6\" data-element_type=\"section\" data-e-type=\"section\" data-settings=\"{&quot;_ha_eqh_enable&quot;:false}\">\n\t\t\t\t\t\t<div class=\"elementor-container elementor-column-gap-default\">\n\t\t\t\t\t<div class=\"elementor-column elementor-col-100 elementor-top-column elementor-element elementor-element-5bde1a2\" data-id=\"5bde1a2\" data-element_type=\"column\" data-e-type=\"column\">\n\t\t\t<div class=\"elementor-widget-wrap elementor-element-populated\">\n\t\t\t\t\t\t<div class=\"elementor-element elementor-element-b6f462f elementor-widget elementor-widget-text-editor\" data-id=\"b6f462f\" data-element_type=\"widget\" data-e-type=\"widget\" data-widget_type=\"text-editor.default\">\n\t\t\t\t<div class=\"elementor-widget-container\">\n\t\t\t\t\t\t\t\t\t<p><span style=\"font-weight: 400;\"><strong>Local:<\/strong> SESC 504 SUL<br \/><strong>Per\u00edodo:<\/strong> 19\/08 a 29\/09<\/span><\/p><p><span style=\"font-weight: 400;\">O fot\u00f3grafo e documentarista Jo\u00e3o Roberto Ripper \u00e9 um dos principais expoentes da fotografia documental humanista no Brasil e no mundo. Seu trabalho \u00e9 conhecido por sua abordagem sens\u00edvel e comprometida, refletindo sobre temas como o trabalho escravo, as lutas ind\u00edgenas e a vida nas favelas cariocas. Com uma carreira que inclui den\u00fancias de abusos e apoio a causas sociais, Ripper tamb\u00e9m contribui para a forma\u00e7\u00e3o de novos fot\u00f3grafos atrav\u00e9s da Escola de Fot\u00f3grafos Populares.<\/span><\/p><p><span style=\"font-weight: 400;\">A exposi\u00e7\u00e3o &#8220;Bem Querer &#8211; O Olhar Terno de Ripper&#8221; est\u00e1 na galeria do SESC 504 Sul e apresenta 30 fotografias que capturam a ess\u00eancia do trabalho de Ripper. A mostra reflete sua abordagem colaborativa e sua cr\u00edtica ao jornalismo tradicional, destacando a import\u00e2ncia de m\u00faltiplas perspectivas na constru\u00e7\u00e3o de narrativas mais justas e humanas. A exposi\u00e7\u00e3o \u00e9 uma homenagem ao trabalho do fot\u00f3grafo, que busca desconstruir estere\u00f3tipos e ampliar a vis\u00e3o sobre comunidades perif\u00e9ricas e suas realidades.<\/span><\/p><p><span style=\"font-weight: 400;\">Conhecido por seu projeto \u201cBem Querer\u201d, Ripper defende que a fotografia deve respeitar e valorizar a dignidade dos sujeitos retratados, promovendo um di\u00e1logo mais aut\u00eantico e emp\u00e1tico com as comunidades fotografadas. Seu trabalho transcende o simples ato de registrar imagens, buscando um impacto real na percep\u00e7\u00e3o e entendimento das quest\u00f5es sociais abordadas.\u00a0<\/span><\/p><p><span style=\"font-weight: 400;\">Esta exposi\u00e7\u00e3o n\u00e3o apenas celebra seu legado fotogr\u00e1fico, mas tamb\u00e9m convida o p\u00fablico a refletir sobre o papel da fotografia na promo\u00e7\u00e3o de uma compreens\u00e3o mais profunda e inclusiva da realidade social.<\/span><\/p><p>\u00a0<\/p>\t\t\t\t\t\t\t\t<\/div>\n\t\t\t\t<\/div>\n\t\t\t\t\t<\/div>\n\t\t<\/div>\n\t\t\t\t\t<\/div>\n\t\t<\/section>\n\t\t\t\t<section class=\"elementor-section elementor-top-section elementor-element elementor-element-432647f elementor-section-boxed elementor-section-height-default elementor-section-height-default\" data-id=\"432647f\" data-element_type=\"section\" data-e-type=\"section\" data-settings=\"{&quot;_ha_eqh_enable&quot;:false}\">\n\t\t\t\t\t\t<div class=\"elementor-container elementor-column-gap-default\">\n\t\t\t\t\t<div class=\"elementor-column elementor-col-100 elementor-top-column elementor-element elementor-element-83786b5\" data-id=\"83786b5\" data-element_type=\"column\" data-e-type=\"column\">\n\t\t\t<div class=\"elementor-widget-wrap elementor-element-populated\">\n\t\t\t\t\t\t<div class=\"elementor-element elementor-element-a14d3bb elementor-widget elementor-widget-ha-justified-gallery happy-addon ha-justified-gallery\" data-id=\"a14d3bb\" data-element_type=\"widget\" data-e-type=\"widget\" data-settings=\"{&quot;row_height&quot;:{&quot;unit&quot;:&quot;px&quot;,&quot;size&quot;:150,&quot;sizes&quot;:[]},&quot;margins&quot;:{&quot;unit&quot;:&quot;px&quot;,&quot;size&quot;:10,&quot;sizes&quot;:[]},&quot;last_row&quot;:&quot;justify&quot;,&quot;enable_popup&quot;:&quot;yes&quot;}\" data-widget_type=\"ha-justified-gallery.default\">\n\t\t\t\t<div class=\"elementor-widget-container\">\n\t\t\t\t\t\n\t\t<div class=\"ha-justified-grid__wrap hajs-justified-grid\">\n\t\t\t\t\t\t\t<a href=\"#\" data-mfp-src=\"https:\/\/festivalfotobsb.com.br\/2024\/wp-content\/uploads\/2024\/08\/Exposicao-Ripper-1.jpg\" class=\"ha-justified-grid__item ha-js-lightbox __fltr-1\" title=\"\">\n\t\t\t\t\t<img decoding=\"async\" width=\"800\" height=\"538\" src=\"https:\/\/festivalfotobsb.com.br\/2024\/wp-content\/uploads\/2024\/08\/Exposicao-Ripper-1.jpg\" class=\"elementor-animation-grow\" alt=\"\" srcset=\"https:\/\/festivalfotobsb.com.br\/2024\/wp-content\/uploads\/2024\/08\/Exposicao-Ripper-1.jpg 1000w, https:\/\/festivalfotobsb.com.br\/2024\/wp-content\/uploads\/2024\/08\/Exposicao-Ripper-1-300x202.jpg 300w, https:\/\/festivalfotobsb.com.br\/2024\/wp-content\/uploads\/2024\/08\/Exposicao-Ripper-1-768x517.jpg 768w\" sizes=\"(max-width: 800px) 100vw, 800px\" \/>\t\t\t\t<\/a>\n\t\t\t\t\t\t\t<a href=\"#\" data-mfp-src=\"https:\/\/festivalfotobsb.com.br\/2024\/wp-content\/uploads\/2024\/08\/Exposicao-Ripper-2.jpg\" class=\"ha-justified-grid__item ha-js-lightbox __fltr-1\" title=\"\">\n\t\t\t\t\t<img decoding=\"async\" width=\"800\" height=\"534\" src=\"https:\/\/festivalfotobsb.com.br\/2024\/wp-content\/uploads\/2024\/08\/Exposicao-Ripper-2.jpg\" class=\"elementor-animation-grow\" alt=\"\" srcset=\"https:\/\/festivalfotobsb.com.br\/2024\/wp-content\/uploads\/2024\/08\/Exposicao-Ripper-2.jpg 1000w, https:\/\/festivalfotobsb.com.br\/2024\/wp-content\/uploads\/2024\/08\/Exposicao-Ripper-2-300x200.jpg 300w, https:\/\/festivalfotobsb.com.br\/2024\/wp-content\/uploads\/2024\/08\/Exposicao-Ripper-2-768x513.jpg 768w, https:\/\/festivalfotobsb.com.br\/2024\/wp-content\/uploads\/2024\/08\/Exposicao-Ripper-2-391x260.jpg 391w\" sizes=\"(max-width: 800px) 100vw, 800px\" \/>\t\t\t\t<\/a>\n\t\t\t\t\t\t\t<a href=\"#\" data-mfp-src=\"https:\/\/festivalfotobsb.com.br\/2024\/wp-content\/uploads\/2024\/08\/Exposicao-Ripper-3.jpg\" class=\"ha-justified-grid__item ha-js-lightbox __fltr-1\" title=\"\">\n\t\t\t\t\t<img loading=\"lazy\" decoding=\"async\" width=\"800\" height=\"454\" src=\"https:\/\/festivalfotobsb.com.br\/2024\/wp-content\/uploads\/2024\/08\/Exposicao-Ripper-3.jpg\" class=\"elementor-animation-grow\" alt=\"\" srcset=\"https:\/\/festivalfotobsb.com.br\/2024\/wp-content\/uploads\/2024\/08\/Exposicao-Ripper-3.jpg 1000w, https:\/\/festivalfotobsb.com.br\/2024\/wp-content\/uploads\/2024\/08\/Exposicao-Ripper-3-300x170.jpg 300w, https:\/\/festivalfotobsb.com.br\/2024\/wp-content\/uploads\/2024\/08\/Exposicao-Ripper-3-768x435.jpg 768w\" sizes=\"(max-width: 800px) 100vw, 800px\" \/>\t\t\t\t<\/a>\n\t\t\t\t\t\t\t<a href=\"#\" data-mfp-src=\"https:\/\/festivalfotobsb.com.br\/2024\/wp-content\/uploads\/2024\/08\/Exposicao-Ripper-4.jpg\" class=\"ha-justified-grid__item ha-js-lightbox __fltr-1\" title=\"\">\n\t\t\t\t\t<img loading=\"lazy\" decoding=\"async\" width=\"800\" height=\"539\" src=\"https:\/\/festivalfotobsb.com.br\/2024\/wp-content\/uploads\/2024\/08\/Exposicao-Ripper-4.jpg\" class=\"elementor-animation-grow\" alt=\"\" srcset=\"https:\/\/festivalfotobsb.com.br\/2024\/wp-content\/uploads\/2024\/08\/Exposicao-Ripper-4.jpg 1000w, https:\/\/festivalfotobsb.com.br\/2024\/wp-content\/uploads\/2024\/08\/Exposicao-Ripper-4-300x202.jpg 300w, https:\/\/festivalfotobsb.com.br\/2024\/wp-content\/uploads\/2024\/08\/Exposicao-Ripper-4-768x518.jpg 768w\" sizes=\"(max-width: 800px) 100vw, 800px\" \/>\t\t\t\t<\/a>\n\t\t\t\t\t<\/div>\n\n\t\t\t\t\t\t<\/div>\n\t\t\t\t<\/div>\n\t\t\t\t\t<\/div>\n\t\t<\/div>\n\t\t\t\t\t<\/div>\n\t\t<\/section>\n\t\t\t\t<\/div>\n\t\t","protected":false},"excerpt":{"rendered":"<p>Acompanhe a programa\u00e7\u00e3o pelas redes sociais Instagram Facebook-f Twitter Youtube EXPOSI\u00c7\u00c3O BEM QUERER: O OLHAR TERNO DE RIPPER Local: SESC 504 SULPer\u00edodo: 19\/08 a 29\/09 O fot\u00f3grafo e documentarista Jo\u00e3o Roberto Ripper \u00e9 um dos principais expoentes da fotografia documental humanista no Brasil e no mundo. Seu trabalho \u00e9 conhecido por sua abordagem sens\u00edvel e [&hellip;]<\/p>\n","protected":false},"author":1,"featured_media":0,"parent":0,"menu_order":0,"comment_status":"closed","ping_status":"closed","template":"elementor_header_footer","meta":{"footnotes":""},"class_list":["post-872","page","type-page","status-publish","hentry"],"_links":{"self":[{"href":"https:\/\/festivalfotobsb.com.br\/2024\/wp-json\/wp\/v2\/pages\/872","targetHints":{"allow":["GET"]}}],"collection":[{"href":"https:\/\/festivalfotobsb.com.br\/2024\/wp-json\/wp\/v2\/pages"}],"about":[{"href":"https:\/\/festivalfotobsb.com.br\/2024\/wp-json\/wp\/v2\/types\/page"}],"author":[{"embeddable":true,"href":"https:\/\/festivalfotobsb.com.br\/2024\/wp-json\/wp\/v2\/users\/1"}],"replies":[{"embeddable":true,"href":"https:\/\/festivalfotobsb.com.br\/2024\/wp-json\/wp\/v2\/comments?post=872"}],"version-history":[{"count":28,"href":"https:\/\/festivalfotobsb.com.br\/2024\/wp-json\/wp\/v2\/pages\/872\/revisions"}],"predecessor-version":[{"id":1305,"href":"https:\/\/festivalfotobsb.com.br\/2024\/wp-json\/wp\/v2\/pages\/872\/revisions\/1305"}],"wp:attachment":[{"href":"https:\/\/festivalfotobsb.com.br\/2024\/wp-json\/wp\/v2\/media?parent=872"}],"curies":[{"name":"wp","href":"https:\/\/api.w.org\/{rel}","templated":true}]}}